{"id":5798,"date":"2023-01-18T16:31:46","date_gmt":"2024-10-10T11:20:35","guid":{"rendered":"https:\/\/www.valiente.shop\/product\/non class\u00e9\/bar-pro-classic\/"},"modified":"2024-10-10T13:20:35","modified_gmt":"2024-10-10T11:20:35","slug":"bar-pro-classic","status":"publish","type":"product","link":"https:\/\/www.valiente.shop\/fr\/product\/bar-pro-classic\/","title":{"rendered":"BAR PRO CLASSIC"},"content":{"rendered":"<p>Chez Valiente, la facilit\u00e9 d&rsquo;utilisation et le style vont toujours de pair. C&rsquo;est pourquoi notre bar PRO vous permet d&rsquo;avoir vos verres et autres fournitures \u00e0 port\u00e9e de main, comme il sied \u00e0 un professionnel. <\/p>\n","protected":false},"excerpt":{"rendered":"<p>&nbsp;<\/p>\n<p>Disponible en blanc\/noir ou LED\/RGB.<\/p>\n","protected":false},"featured_media":5799,"template":"","meta":[],"product_brand":[],"product_cat":[432,436],"product_tag":[469],"class_list":{"0":"post-5798","1":"product","2":"type-product","3":"status-publish","4":"has-post-thumbnail","6":"product_cat-bar-fr","7":"product_cat-bar-pro-fr","8":"product_tag-bar-fr","9":"product_shipping_class-200kg-fr","10":"pa_kleur-blanc","11":"pa_kleur-naturel-led","12":"pa_kleur-noir","14":"first","15":"instock","16":"taxable","17":"shipping-taxable","18":"purchasable","19":"product-type-variable"},"yoast_head":"<!-- This site is optimized with the Yoast SEO plugin v27.4 - https:\/\/yoast.com\/product\/yoast-seo-wordpress\/ -->\n<title>BAR PRO CLASSIC - Valiente Shop - Verandering vraagt moed<\/title>\n<meta name=\"description\" content=\"Chez Valiente, la facilit\u00e9 d&#039;utilisation et le style vont toujours de pair. C&#039;est pourquoi notre bar PRO vous permet d&#039;avoir vos verres et autres fournitures \u00e0 port\u00e9e de main, comme il sied \u00e0 un professionnel. Disponible en blanc\/noir ou LED\/RGB\" \/>\n<meta name=\"robots\" content=\"index, follow, max-snippet:-1, max-image-preview:large, max-video-preview:-1\" \/>\n<link rel=\"canonical\" href=\"https:\/\/www.valiente.shop\/fr\/product\/bar-pro-classic\/\" \/>\n<meta property=\"og:locale\" content=\"fr_FR\" \/>\n<meta property=\"og:type\" content=\"article\" \/>\n<meta property=\"og:title\" content=\"BAR PRO CLASSIC - Valiente Shop - Verandering vraagt moed\" \/>\n<meta property=\"og:description\" content=\"Chez Valiente, la facilit\u00e9 d&#039;utilisation et le style vont toujours de pair. C&#039;est pourquoi notre bar PRO vous permet d&#039;avoir vos verres et autres fournitures \u00e0 port\u00e9e de main, comme il sied \u00e0 un professionnel. Disponible en blanc\/noir ou LED\/RGB\" \/>\n<meta property=\"og:url\" content=\"https:\/\/www.valiente.shop\/fr\/product\/bar-pro-classic\/\" \/>\n<meta property=\"og:site_name\" content=\"Valiente Shop - Verandering vraagt moed\" \/>\n<meta property=\"article:publisher\" content=\"https:\/\/www.facebook.com\/www.valiente.be\/\" \/>\n<meta property=\"og:image\" content=\"https:\/\/www.valiente.shop\/wp-content\/uploads\/2023\/01\/Pro-bar-without-umbrella-BL-BG.png\" \/>\n\t<meta property=\"og:image:width\" content=\"1080\" \/>\n\t<meta property=\"og:image:height\" content=\"1080\" \/>\n\t<meta property=\"og:image:type\" content=\"image\/png\" \/>\n<meta name=\"twitter:card\" content=\"summary_large_image\" \/>\n<script type=\"application\/ld+json\" class=\"yoast-schema-graph\">{\"@context\":\"https:\\\/\\\/schema.org\",\"@graph\":[{\"@type\":\"WebPage\",\"@id\":\"https:\\\/\\\/www.valiente.shop\\\/fr\\\/product\\\/bar-pro-classic\\\/\",\"url\":\"https:\\\/\\\/www.valiente.shop\\\/fr\\\/product\\\/bar-pro-classic\\\/\",\"name\":\"BAR PRO CLASSIC - Valiente Shop - Verandering vraagt moed\",\"isPartOf\":{\"@id\":\"https:\\\/\\\/www.valiente.shop\\\/fr\\\/#website\"},\"primaryImageOfPage\":{\"@id\":\"https:\\\/\\\/www.valiente.shop\\\/fr\\\/product\\\/bar-pro-classic\\\/#primaryimage\"},\"image\":{\"@id\":\"https:\\\/\\\/www.valiente.shop\\\/fr\\\/product\\\/bar-pro-classic\\\/#primaryimage\"},\"thumbnailUrl\":\"https:\\\/\\\/www.valiente.shop\\\/wp-content\\\/uploads\\\/2023\\\/01\\\/Pro-bar-without-umbrella-BL-BG.png\",\"datePublished\":\"2024-10-10T11:20:35+00:00\",\"description\":\"Chez Valiente, la facilit\u00e9 d'utilisation et le style vont toujours de pair. C'est pourquoi notre bar PRO vous permet d'avoir vos verres et autres fournitures \u00e0 port\u00e9e de main, comme il sied \u00e0 un professionnel. Disponible en blanc\\\/noir ou LED\\\/RGB\",\"breadcrumb\":{\"@id\":\"https:\\\/\\\/www.valiente.shop\\\/fr\\\/product\\\/bar-pro-classic\\\/#breadcrumb\"},\"inLanguage\":\"fr-FR\",\"potentialAction\":[{\"@type\":\"ReadAction\",\"target\":[\"https:\\\/\\\/www.valiente.shop\\\/fr\\\/product\\\/bar-pro-classic\\\/\"]}]},{\"@type\":\"ImageObject\",\"inLanguage\":\"fr-FR\",\"@id\":\"https:\\\/\\\/www.valiente.shop\\\/fr\\\/product\\\/bar-pro-classic\\\/#primaryimage\",\"url\":\"https:\\\/\\\/www.valiente.shop\\\/wp-content\\\/uploads\\\/2023\\\/01\\\/Pro-bar-without-umbrella-BL-BG.png\",\"contentUrl\":\"https:\\\/\\\/www.valiente.shop\\\/wp-content\\\/uploads\\\/2023\\\/01\\\/Pro-bar-without-umbrella-BL-BG.png\",\"width\":1080,\"height\":1080},{\"@type\":\"BreadcrumbList\",\"@id\":\"https:\\\/\\\/www.valiente.shop\\\/fr\\\/product\\\/bar-pro-classic\\\/#breadcrumb\",\"itemListElement\":[{\"@type\":\"ListItem\",\"position\":1,\"name\":\"Home\",\"item\":\"https:\\\/\\\/www.valiente.shop\\\/fr\\\/\"},{\"@type\":\"ListItem\",\"position\":2,\"name\":\"Shop\",\"item\":\"https:\\\/\\\/www.valiente.shop\\\/shop\\\/\"},{\"@type\":\"ListItem\",\"position\":3,\"name\":\"BAR PRO CLASSIC\"}]},{\"@type\":\"WebSite\",\"@id\":\"https:\\\/\\\/www.valiente.shop\\\/fr\\\/#website\",\"url\":\"https:\\\/\\\/www.valiente.shop\\\/fr\\\/\",\"name\":\"Valiente Shop - Verandering vraagt moed\",\"description\":\"\",\"publisher\":{\"@id\":\"https:\\\/\\\/www.valiente.shop\\\/fr\\\/#organization\"},\"potentialAction\":[{\"@type\":\"SearchAction\",\"target\":{\"@type\":\"EntryPoint\",\"urlTemplate\":\"https:\\\/\\\/www.valiente.shop\\\/fr\\\/?s={search_term_string}\"},\"query-input\":{\"@type\":\"PropertyValueSpecification\",\"valueRequired\":true,\"valueName\":\"search_term_string\"}}],\"inLanguage\":\"fr-FR\"},{\"@type\":\"Organization\",\"@id\":\"https:\\\/\\\/www.valiente.shop\\\/fr\\\/#organization\",\"name\":\"Valiente \u00ae\",\"url\":\"https:\\\/\\\/www.valiente.shop\\\/fr\\\/\",\"logo\":{\"@type\":\"ImageObject\",\"inLanguage\":\"fr-FR\",\"@id\":\"https:\\\/\\\/www.valiente.shop\\\/fr\\\/#\\\/schema\\\/logo\\\/image\\\/\",\"url\":\"https:\\\/\\\/www.valiente.shop\\\/wp-content\\\/uploads\\\/2020\\\/04\\\/Valiente_logo_Black_R.jpg\",\"contentUrl\":\"https:\\\/\\\/www.valiente.shop\\\/wp-content\\\/uploads\\\/2020\\\/04\\\/Valiente_logo_Black_R.jpg\",\"width\":1983,\"height\":208,\"caption\":\"Valiente \u00ae\"},\"image\":{\"@id\":\"https:\\\/\\\/www.valiente.shop\\\/fr\\\/#\\\/schema\\\/logo\\\/image\\\/\"},\"sameAs\":[\"https:\\\/\\\/www.facebook.com\\\/www.valiente.be\\\/\",\"https:\\\/\\\/www.instagram.com\\\/valiente.bravery.design\\\/?hl=nl\"]}]}<\/script>\n<!-- \/ Yoast SEO plugin. -->","yoast_head_json":{"title":"BAR PRO CLASSIC - Valiente Shop - Verandering vraagt moed","description":"Chez Valiente, la facilit\u00e9 d'utilisation et le style vont toujours de pair. C'est pourquoi notre bar PRO vous permet d'avoir vos verres et autres fournitures \u00e0 port\u00e9e de main, comme il sied \u00e0 un professionnel. Disponible en blanc\/noir ou LED\/RGB","robots":{"index":"index","follow":"follow","max-snippet":"max-snippet:-1","max-image-preview":"max-image-preview:large","max-video-preview":"max-video-preview:-1"},"canonical":"https:\/\/www.valiente.shop\/fr\/product\/bar-pro-classic\/","og_locale":"fr_FR","og_type":"article","og_title":"BAR PRO CLASSIC - Valiente Shop - Verandering vraagt moed","og_description":"Chez Valiente, la facilit\u00e9 d'utilisation et le style vont toujours de pair. C'est pourquoi notre bar PRO vous permet d'avoir vos verres et autres fournitures \u00e0 port\u00e9e de main, comme il sied \u00e0 un professionnel. Disponible en blanc\/noir ou LED\/RGB","og_url":"https:\/\/www.valiente.shop\/fr\/product\/bar-pro-classic\/","og_site_name":"Valiente Shop - Verandering vraagt moed","article_publisher":"https:\/\/www.facebook.com\/www.valiente.be\/","og_image":[{"width":1080,"height":1080,"url":"https:\/\/www.valiente.shop\/wp-content\/uploads\/2023\/01\/Pro-bar-without-umbrella-BL-BG.png","type":"image\/png"}],"twitter_card":"summary_large_image","schema":{"@context":"https:\/\/schema.org","@graph":[{"@type":"WebPage","@id":"https:\/\/www.valiente.shop\/fr\/product\/bar-pro-classic\/","url":"https:\/\/www.valiente.shop\/fr\/product\/bar-pro-classic\/","name":"BAR PRO CLASSIC - Valiente Shop - Verandering vraagt moed","isPartOf":{"@id":"https:\/\/www.valiente.shop\/fr\/#website"},"primaryImageOfPage":{"@id":"https:\/\/www.valiente.shop\/fr\/product\/bar-pro-classic\/#primaryimage"},"image":{"@id":"https:\/\/www.valiente.shop\/fr\/product\/bar-pro-classic\/#primaryimage"},"thumbnailUrl":"https:\/\/www.valiente.shop\/wp-content\/uploads\/2023\/01\/Pro-bar-without-umbrella-BL-BG.png","datePublished":"2024-10-10T11:20:35+00:00","description":"Chez Valiente, la facilit\u00e9 d'utilisation et le style vont toujours de pair. C'est pourquoi notre bar PRO vous permet d'avoir vos verres et autres fournitures \u00e0 port\u00e9e de main, comme il sied \u00e0 un professionnel. Disponible en blanc\/noir ou LED\/RGB","breadcrumb":{"@id":"https:\/\/www.valiente.shop\/fr\/product\/bar-pro-classic\/#breadcrumb"},"inLanguage":"fr-FR","potentialAction":[{"@type":"ReadAction","target":["https:\/\/www.valiente.shop\/fr\/product\/bar-pro-classic\/"]}]},{"@type":"ImageObject","inLanguage":"fr-FR","@id":"https:\/\/www.valiente.shop\/fr\/product\/bar-pro-classic\/#primaryimage","url":"https:\/\/www.valiente.shop\/wp-content\/uploads\/2023\/01\/Pro-bar-without-umbrella-BL-BG.png","contentUrl":"https:\/\/www.valiente.shop\/wp-content\/uploads\/2023\/01\/Pro-bar-without-umbrella-BL-BG.png","width":1080,"height":1080},{"@type":"BreadcrumbList","@id":"https:\/\/www.valiente.shop\/fr\/product\/bar-pro-classic\/#breadcrumb","itemListElement":[{"@type":"ListItem","position":1,"name":"Home","item":"https:\/\/www.valiente.shop\/fr\/"},{"@type":"ListItem","position":2,"name":"Shop","item":"https:\/\/www.valiente.shop\/shop\/"},{"@type":"ListItem","position":3,"name":"BAR PRO CLASSIC"}]},{"@type":"WebSite","@id":"https:\/\/www.valiente.shop\/fr\/#website","url":"https:\/\/www.valiente.shop\/fr\/","name":"Valiente Shop - Verandering vraagt moed","description":"","publisher":{"@id":"https:\/\/www.valiente.shop\/fr\/#organization"},"potentialAction":[{"@type":"SearchAction","target":{"@type":"EntryPoint","urlTemplate":"https:\/\/www.valiente.shop\/fr\/?s={search_term_string}"},"query-input":{"@type":"PropertyValueSpecification","valueRequired":true,"valueName":"search_term_string"}}],"inLanguage":"fr-FR"},{"@type":"Organization","@id":"https:\/\/www.valiente.shop\/fr\/#organization","name":"Valiente \u00ae","url":"https:\/\/www.valiente.shop\/fr\/","logo":{"@type":"ImageObject","inLanguage":"fr-FR","@id":"https:\/\/www.valiente.shop\/fr\/#\/schema\/logo\/image\/","url":"https:\/\/www.valiente.shop\/wp-content\/uploads\/2020\/04\/Valiente_logo_Black_R.jpg","contentUrl":"https:\/\/www.valiente.shop\/wp-content\/uploads\/2020\/04\/Valiente_logo_Black_R.jpg","width":1983,"height":208,"caption":"Valiente \u00ae"},"image":{"@id":"https:\/\/www.valiente.shop\/fr\/#\/schema\/logo\/image\/"},"sameAs":["https:\/\/www.facebook.com\/www.valiente.be\/","https:\/\/www.instagram.com\/valiente.bravery.design\/?hl=nl"]}]}},"_links":{"self":[{"href":"https:\/\/www.valiente.shop\/fr\/wp-json\/wp\/v2\/product\/5798","targetHints":{"allow":["GET"]}}],"collection":[{"href":"https:\/\/www.valiente.shop\/fr\/wp-json\/wp\/v2\/product"}],"about":[{"href":"https:\/\/www.valiente.shop\/fr\/wp-json\/wp\/v2\/types\/product"}],"wp:featuredmedia":[{"embeddable":true,"href":"https:\/\/www.valiente.shop\/fr\/wp-json\/wp\/v2\/media\/5799"}],"wp:attachment":[{"href":"https:\/\/www.valiente.shop\/fr\/wp-json\/wp\/v2\/media?parent=5798"}],"wp:term":[{"taxonomy":"product_brand","embeddable":true,"href":"https:\/\/www.valiente.shop\/fr\/wp-json\/wp\/v2\/product_brand?post=5798"},{"taxonomy":"product_cat","embeddable":true,"href":"https:\/\/www.valiente.shop\/fr\/wp-json\/wp\/v2\/product_cat?post=5798"},{"taxonomy":"product_tag","embeddable":true,"href":"https:\/\/www.valiente.shop\/fr\/wp-json\/wp\/v2\/product_tag?post=5798"}],"curies":[{"name":"wp","href":"https:\/\/api.w.org\/{rel}","templated":true}]}}